{"id":570,"date":"2023-09-19T10:10:00","date_gmt":"2023-09-19T08:10:00","guid":{"rendered":"https:\/\/www.varel.it\/index\/?page_id=570"},"modified":"2025-03-28T16:52:04","modified_gmt":"2025-03-28T15:52:04","slug":"offerte-di-lavoro","status":"publish","type":"page","link":"https:\/\/www.varel.it\/index\/lavora-con-noi\/offerte-di-lavoro\/","title":{"rendered":"OFFERTE DI LAVORO"},"content":{"rendered":"\n<p><strong>CHI SIAMO<\/strong><\/p>\n\n\n\n<p><strong>VA.RE.L, nata nel 1985 come societ\u00e0 di assemblaggio schede elettroniche, oggi \u00e8 una realt\u00e0 produttiva che offre al Cliente un servizio completo dalla progettazione alla fornitura di prodotti elettronici<\/strong><\/p>\n\n\n\n<p><\/p>\n","protected":false},"excerpt":{"rendered":"<p>CHI SIAMO VA.RE.L, nata nel 1985 come societ\u00e0 di assemblaggio schede elettroniche, oggi \u00e8 una realt\u00e0 produttiva che offre al Cliente un servizio completo dalla progettazione alla fornitura di prodotti elettronici<\/p>\n","protected":false},"author":2,"featured_media":0,"parent":59,"menu_order":0,"comment_status":"closed","ping_status":"closed","template":"","meta":{"om_disable_all_campaigns":false,"_monsterinsights_skip_tracking":false,"_monsterinsights_sitenote_active":false,"_monsterinsights_sitenote_note":"","_monsterinsights_sitenote_category":0,"_themeisle_gutenberg_block_has_review":false,"footnotes":""},"class_list":["post-570","page","type-page","status-publish","hentry"],"aioseo_notices":[],"_links":{"self":[{"href":"https:\/\/www.varel.it\/index\/wp-json\/wp\/v2\/pages\/570","targetHints":{"allow":["GET"]}}],"collection":[{"href":"https:\/\/www.varel.it\/index\/wp-json\/wp\/v2\/pages"}],"about":[{"href":"https:\/\/www.varel.it\/index\/wp-json\/wp\/v2\/types\/page"}],"author":[{"embeddable":true,"href":"https:\/\/www.varel.it\/index\/wp-json\/wp\/v2\/users\/2"}],"replies":[{"embeddable":true,"href":"https:\/\/www.varel.it\/index\/wp-json\/wp\/v2\/comments?post=570"}],"version-history":[{"count":9,"href":"https:\/\/www.varel.it\/index\/wp-json\/wp\/v2\/pages\/570\/revisions"}],"predecessor-version":[{"id":893,"href":"https:\/\/www.varel.it\/index\/wp-json\/wp\/v2\/pages\/570\/revisions\/893"}],"up":[{"embeddable":true,"href":"https:\/\/www.varel.it\/index\/wp-json\/wp\/v2\/pages\/59"}],"wp:attachment":[{"href":"https:\/\/www.varel.it\/index\/wp-json\/wp\/v2\/media?parent=570"}],"curies":[{"name":"wp","href":"https:\/\/api.w.org\/{rel}","templated":true}]}}